{"id":43,"date":"2026-04-09T10:10:07","date_gmt":"2026-04-09T10:10:07","guid":{"rendered":"https:\/\/institut-de-labbaye.fr\/index.php\/contact\/"},"modified":"2026-04-09T10:10:15","modified_gmt":"2026-04-09T10:10:15","slug":"contact","status":"publish","type":"page","link":"https:\/\/institut-de-labbaye.fr\/index.php\/contact\/","title":{"rendered":"Contact"},"content":{"rendered":"\n  \n    <section class=\"u-clearfix u-section-1\" id=\"sec-a78a\">\n      <div class=\"u-clearfix u-sheet u-sheet-1\">\n        <h1 class=\"u-align-center u-text u-text-default u-text-1\">Contacter So Chic<\/h1>\n      <\/div>\n    <\/section>\n    <section class=\"u-clearfix u-image u-shading u-section-2\" id=\"sec-0a4b\" style=\"background-image: linear-gradient(0deg, rgba(255, 255, 255, 0.65), rgba(255, 255, 255, 0.65)), url(&quot;https:\/\/institut-de-labbaye.fr\/wp-content\/uploads\/2026\/04\/eb2ed1ba-05cd-04e3-ecae-7d80d4432e34.jpg&quot;);\">\n      <div class=\"u-clearfix u-sheet u-valign-middle u-sheet-1\">\n        <div class=\"data-layout-selected u-clearfix u-expanded-width-md u-expanded-width-sm u-expanded-width-xs u-layout-wrap u-layout-wrap-1\">\n          <div class=\"u-gutter-0 u-layout\">\n            <div class=\"u-layout-row\">\n              <div class=\"u-black u-container-style u-layout-cell u-left-cell u-right-cell u-size-60 u-layout-cell-1\">\n                <div class=\"u-container-layout u-valign-middle-xs u-container-layout-1\">\n                  <div class=\"u-align-center-lg u-align-center-md u-align-center-xl u-align-center-xs u-border-1 u-border-white u-container-style u-group u-group-1\">\n                    <div class=\"u-container-layout u-container-layout-2\">\n                      <h2 class=\"u-align-center-lg u-align-center-sm u-align-center-xl u-align-center-xs u-text u-text-1\">\n                        <font color=\"#fbd2c0\">Prendre <\/font>\n                        <span class=\"u-text-white\">rendez-vous<\/span>\n                      <\/h2>\n                      <div class=\"u-border-3 u-border-white u-line u-line-horizontal u-line-1\"><\/div>\n                      <p class=\"u-align-center-sm u-align-center-xs u-text u-text-2\">\n                        <span style=\"font-size: 1.875rem; font-weight: 700;\">So Chic<\/span>\n                        <br>4 rue Mayet - 75006 Paris<br>M\u00e9tro DUROC ou FALGUI\u00c8RE<br>\n                        <br>Ouvert du mardi au samedi de 11h00 \u00e0 19h00\n                      <\/p>\n                      <a href=\"tel:09 83 55 87 24\" class=\"u-active-none u-btn u-button-style u-hover-none u-none u-text-hover-palette-1-base u-btn-1\"><span class=\"u-icon u-text-palette-1-base\"><svg class=\"u-svg-content\" viewBox=\"0 0 405.333 405.333\" x=\"0px\" y=\"0px\" style=\"width: 1em; height: 1em;\"><path d=\"M373.333,266.88c-25.003,0-49.493-3.904-72.704-11.563c-11.328-3.904-24.192-0.896-31.637,6.699l-46.016,34.752    c-52.8-28.181-86.592-61.952-114.389-114.368l33.813-44.928c8.512-8.512,11.563-20.971,7.915-32.64    C142.592,81.472,138.667,56.96,138.667,32c0-17.643-14.357-32-32-32H32C14.357,0,0,14.357,0,32    c0,205.845,167.488,373.333,373.333,373.333c17.643,0,32-14.357,32-32V298.88C405.333,281.237,390.976,266.88,373.333,266.88z\"><\/path><\/svg><\/span>&nbsp;09 83 55 87 24\n                      <\/a>\n                      <div class=\"u-form u-form-1\">\n                        <form action=\"https:\/\/forms.nicepagesrv.com\/v2\/form\/process\" class=\"u-block-3703-12 u-clearfix u-form-spacing-15 u-form-vertical u-inner-form\" source=\"email\"><!-- hidden inputs for siteId and pageId -->\n                          <div class=\"u-form-group u-form-name\">\n                            <label for=\"name-8f21\" class=\"u-form-control-hidden u-label\">Name<\/label>\n                            <input type=\"text\" placeholder=\"Nom\" id=\"name-8f21\" name=\"name\" class=\"u-input u-input-rectangle\" required=\"\">\n                          <\/div><!-- always visible -->\n                          <div class=\"u-form-email u-form-group\">\n                            <label for=\"email-8f21\" class=\"u-form-control-hidden u-label\">Email<\/label>\n                            <input type=\"email\" placeholder=\"Email\" id=\"email-8f21\" name=\"email\" class=\"u-input u-input-rectangle\" required=\"\">\n                          <\/div>\n                          <div class=\"u-form-group u-form-message\">\n                            <label for=\"message-8f21\" class=\"u-form-control-hidden u-label\">Message<\/label>\n                            <textarea placeholder=\"\u200bVotre message\" rows=\"4\" cols=\"50\" id=\"message-8f21\" name=\"message\" class=\"u-input u-input-rectangle\" required=\"\"><\/textarea>\n                          <\/div>\n                          <div class=\"u-align-left u-form-group u-form-submit u-form-group-4\">\n                            <a href=\"#\" class=\"u-btn u-btn-submit u-button-style u-palette-4-base u-btn-2\">ENVOYER<\/a>\n                            <input type=\"submit\" value=\"submit\" class=\"u-form-control-hidden\">\n                          <\/div>\n                          <div class=\"u-form-send-message u-form-send-success\"> Thank you! Your message has been sent. <\/div>\n                          <div class=\"u-form-send-error u-form-send-message\"> Unable to send your message. Please fix errors then try again. <\/div>\n                          <input type=\"hidden\" value=\"\" name=\"recaptchaResponse\">\n                          <input type=\"hidden\" name=\"formServices\" value=\"2aafd0aa-a116-351e-e7f6-bacfd178d012\">\n                        <\/form>\n                      <\/div>\n                    <\/div>\n                  <\/div>\n                <\/div>\n              <\/div>\n            <\/div>\n          <\/div>\n        <\/div>\n      <\/div>\n    <\/section>\n    <section class=\"u-clearfix u-grey-light-2 u-typography-custom-page-typography-12--Map u-section-3\" id=\"sec-ae63\">\n      <div class=\"u-expanded u-grey-light-2 u-map\">\n        <div class=\"embed-responsive\">\n          <iframe class=\"embed-responsive-item\" src=\"https:\/\/maps.google.com\/maps?output=embed&amp;q=4%20rue%20Mayet%2075006%20Paris&amp;t=m\" data-map=\"JTdCJTIycG9zaXRpb25UeXBlJTIyJTNBJTIybWFwLWFkZHJlc3MlMjIlMkMlMjJhZGRyZXNzJTIyJTNBJTIyNCUyMHJ1ZSUyME1heWV0JTIwNzUwMDYlMjBQYXJpcyUyMiUyQyUyMnpvb20lMjIlM0FudWxsJTJDJTIydHlwZUlkJTIyJTNBJTIycm9hZCUyMiUyQyUyMmxhbmclMjIlM0FudWxsJTJDJTIyYXBpS2V5JTIyJTNBbnVsbCUyQyUyMm1hcmtlcnMlMjIlM0ElNUIlNUQlN0Q=\"><\/iframe>\n        <\/div>\n      <\/div>\n    <\/section>\n    \n    \n    \n    \n  \n","protected":false},"excerpt":{"rendered":"<p>Contacter So Chic Prendre rendez-vous So Chic 4 rue Mayet &#8211; 75006 ParisM\u00e9tro DUROC ou FALGUI\u00c8RE Ouvert du mardi au samedi de 11h00 \u00e0 19h00 &nbsp;09 83 55 87 24 Name Email Message ENVOYER Thank you! Your message has been sent. Unable to send your message. Please fix errors then try again.<\/p>\n","protected":false},"author":1,"featured_media":0,"parent":0,"menu_order":2,"comment_status":"closed","ping_status":"closed","template":"","meta":{"footnotes":""},"class_list":["post-43","page","type-page","status-publish","hentry"],"_links":{"self":[{"href":"https:\/\/institut-de-labbaye.fr\/index.php\/wp-json\/wp\/v2\/pages\/43","targetHints":{"allow":["GET"]}}],"collection":[{"href":"https:\/\/institut-de-labbaye.fr\/index.php\/wp-json\/wp\/v2\/pages"}],"about":[{"href":"https:\/\/institut-de-labbaye.fr\/index.php\/wp-json\/wp\/v2\/types\/page"}],"author":[{"embeddable":true,"href":"https:\/\/institut-de-labbaye.fr\/index.php\/wp-json\/wp\/v2\/users\/1"}],"replies":[{"embeddable":true,"href":"https:\/\/institut-de-labbaye.fr\/index.php\/wp-json\/wp\/v2\/comments?post=43"}],"version-history":[{"count":1,"href":"https:\/\/institut-de-labbaye.fr\/index.php\/wp-json\/wp\/v2\/pages\/43\/revisions"}],"predecessor-version":[{"id":51,"href":"https:\/\/institut-de-labbaye.fr\/index.php\/wp-json\/wp\/v2\/pages\/43\/revisions\/51"}],"wp:attachment":[{"href":"https:\/\/institut-de-labbaye.fr\/index.php\/wp-json\/wp\/v2\/media?parent=43"}],"curies":[{"name":"wp","href":"https:\/\/api.w.org\/{rel}","templated":true}]}}