{"id":45,"date":"2026-04-09T10:10:09","date_gmt":"2026-04-09T10:10:09","guid":{"rendered":"https:\/\/institut-de-labbaye.fr\/index.php\/intitut-so-chic\/"},"modified":"2026-04-09T10:20:41","modified_gmt":"2026-04-09T10:20:41","slug":"intitut-so-chic","status":"publish","type":"page","link":"https:\/\/institut-de-labbaye.fr\/index.php\/intitut-so-chic\/","title":{"rendered":"L&rsquo;institut"},"content":{"rendered":"\n  \n    <section class=\"u-clearfix u-uploaded-video u-video u-section-1\" id=\"sec-951a\">\n      <div class=\"u-background-video u-expanded u-video-contain\" style=\"\">\n        <div class=\"embed-responsive\">\n          <video class=\"embed-responsive-item\" data-autoplay=\"1\" loop=\"\" muted=\"1\" autoplay=\"autoplay\" playsinline=\"\">\n            <source src=\"https:\/\/institut-de-labbaye.fr\/wp-content\/uploads\/2026\/04\/VIDEO-BD-So-Chic.mp4\" type=\"video\/mp4\">\n            <p>Your browser does not support HTML5 video.<\/p>\n          <\/video>\n        <\/div>\n        <div class=\"u-video-shading\"><\/div>\n      <\/div>\n      <div class=\"u-clearfix u-sheet u-sheet-1\"><\/div>\n    <\/section>\n    <section class=\"u-align-center u-clearfix u-section-2\" id=\"sec-d129\">\n      <div class=\"u-clearfix u-sheet u-sheet-1\">\n        <h1 class=\"u-align-center u-text u-text-default u-text-1\">L'institut de beaut\u00e9 So Chic<\/h1>\n        <p class=\"u-align-justify u-text u-text-2\">\n          <span style=\"font-weight: 700;\">So Chic est un institut de beaut\u00e9 mixte situ\u00e9 dans le 6\u00e8me \narrondissement de Paris, dans le quartier rue de Rennes, \u00e0 deux pas de \nla station de m\u00e9tro Duroc.&nbsp;<\/span>\n          <br>Dans ce charmant espace , chic et intimisme \nsont au rendez-vous!  Un magnifique mur aux pierres apparentes se \nmarient avec \u00e9l\u00e9gance a un mobilier minimaliste et d\u00e9sign.&nbsp;<br> Toujours\n \u00e0 l'aff\u00fbt des derni\u00e8res tendances esth\u00e9tiques, et soucieuse de vous \noffrir des services toujours plus adapt\u00e9s et performants , Karine mets \nson savoir-faire au service de votre bien-\u00eatre : soins du visage sur \nmesure , soins minceur et professionnels sont autant de choix qui vous \nsont donn\u00e9s pour profiter d'un instant beaut\u00e9 unique . Ces messieurs ne \nsont pas oubli\u00e9s, avec un service de soins visage et \u00e9pilations qui leur\n sont d\u00e9di\u00e9s.  Des marques de renom sont \u00e9galement \nutilis\u00e9es lors de vos s\u00e9ances, telles que <span style=\"font-weight: 700;\">ELTRADERM, LPG, EPILODERM<\/span> vous\n assurant d'un r\u00e9sultat optimal et irr\u00e9prochable.  Il est temps de vous offrir une pause beaut\u00e9 chez So chic.  Institut\n So Chic  est un lieu premium de ClassPass Wellness. Consultez la \npr\u00e9sentation de leurs cours pour plus d'informations sur les services \nqu'ils fournissent.\n        <\/p>\n        <img decoding=\"async\" class=\"u-image u-image-default u-image-1\" src=\"https:\/\/institut-de-labbaye.fr\/wp-content\/uploads\/2026\/04\/5919fed0-9290-0161-07e7-b4aac8e308ea.jpg\" alt=\"\" data-image-width=\"475\" data-image-height=\"426\">\n        <a href=\"https:\/\/institut-de-labbaye.fr\/wp-content\/uploads\/2026\/04\/CharteSoChic.pdf\" class=\"u-border-2 u-border-black u-btn u-button-style u-file-link u-hover-black u-none u-text-hover-white u-btn-1\">Voir la Charte So Chic<\/a>\n      <\/div>\n    <\/section>\n    \n    \n    \n    \n  \n","protected":false},"excerpt":{"rendered":"<p>Your browser does not support HTML5 video. L&rsquo;institut de beaut\u00e9 So Chic So Chic est un institut de beaut\u00e9 mixte situ\u00e9 dans le 6\u00e8me arrondissement de Paris, dans le quartier rue de Rennes, \u00e0 deux pas de la station de m\u00e9tro Duroc.&nbsp; Dans ce charmant espace , chic et intimisme sont au rendez-vous! Un magnifique &hellip; <a href=\"https:\/\/institut-de-labbaye.fr\/index.php\/intitut-so-chic\/\" class=\"more-link\">Continue reading<span class=\"screen-reader-text\"> \u00ab\u00a0L&rsquo;institut\u00a0\u00bb<\/span><\/a><\/p>\n","protected":false},"author":1,"featured_media":0,"parent":0,"menu_order":4,"comment_status":"closed","ping_status":"closed","template":"","meta":{"footnotes":""},"class_list":["post-45","page","type-page","status-publish","hentry"],"_links":{"self":[{"href":"https:\/\/institut-de-labbaye.fr\/index.php\/wp-json\/wp\/v2\/pages\/45","targetHints":{"allow":["GET"]}}],"collection":[{"href":"https:\/\/institut-de-labbaye.fr\/index.php\/wp-json\/wp\/v2\/pages"}],"about":[{"href":"https:\/\/institut-de-labbaye.fr\/index.php\/wp-json\/wp\/v2\/types\/page"}],"author":[{"embeddable":true,"href":"https:\/\/institut-de-labbaye.fr\/index.php\/wp-json\/wp\/v2\/users\/1"}],"replies":[{"embeddable":true,"href":"https:\/\/institut-de-labbaye.fr\/index.php\/wp-json\/wp\/v2\/comments?post=45"}],"version-history":[{"count":2,"href":"https:\/\/institut-de-labbaye.fr\/index.php\/wp-json\/wp\/v2\/pages\/45\/revisions"}],"predecessor-version":[{"id":90,"href":"https:\/\/institut-de-labbaye.fr\/index.php\/wp-json\/wp\/v2\/pages\/45\/revisions\/90"}],"wp:attachment":[{"href":"https:\/\/institut-de-labbaye.fr\/index.php\/wp-json\/wp\/v2\/media?parent=45"}],"curies":[{"name":"wp","href":"https:\/\/api.w.org\/{rel}","templated":true}]}}