{"id":46,"date":"2026-04-09T10:10:10","date_gmt":"2026-04-09T10:10:10","guid":{"rendered":"https:\/\/institut-de-labbaye.fr\/index.php\/mentions-legales\/"},"modified":"2026-04-09T10:10:15","modified_gmt":"2026-04-09T10:10:15","slug":"mentions-legales","status":"publish","type":"page","link":"https:\/\/institut-de-labbaye.fr\/index.php\/mentions-legales\/","title":{"rendered":"Mentions l\u00e9gales"},"content":{"rendered":"\n  \n    <section class=\"u-clearfix u-section-1\" id=\"sec-dbd6\">\n      <div class=\"u-clearfix u-sheet u-sheet-1\">\n        <h1 class=\"u-align-center u-text u-text-default u-text-1\">Mentions L\u00e9gales<\/h1>\n      <\/div>\n    <\/section>\n    <section class=\"u-clearfix u-grey-5 u-section-2\" id=\"sec-594d\">\n      <div class=\"u-clearfix u-sheet u-sheet-1\">\n        <p class=\"u-align-justify u-text u-text-1\"> Le\n pr\u00e9sent site, les textes et les images sont la propri\u00e9t\u00e9 des Ambulance \nAssistance. \t\t  Toute mention ou utilisation de la marque, des photos  \nou du logo appartenant \u00e0 l'enseigne So chic sur quelque support que ce soit devront \u00eatre soumises \u00e0 l'accord pr\u00e9alable et \u00e9crit.<\/p>\n        <div class=\"u-clearfix u-group-elements u-group-elements-1\">\n          <div class=\"u-border-2 u-border-grey-75 u-container-style u-expanded-width u-group u-shape-rectangle u-group-1\">\n            <div class=\"u-container-layout u-valign-middle u-container-layout-1\">\n              <p class=\"u-align-center u-custom-font u-font-roboto u-text u-text-black u-text-2\"> RAISONS SOCIALES :<\/p>\n            <\/div>\n          <\/div>\n        <\/div>\n        <p class=\"u-custom-font u-font-roboto u-text u-text-3\"> Ce site Internet est \u00e9dit\u00e9 par \u200bLA PETITE PARISIENNE S.A.S.U&nbsp;<br>\n          <span style=\"font-weight: 700;\"> Si\u00e8ge social :<\/span> 4 rue Mayet 75006&nbsp;<br>\n          <span style=\"font-weight: 700;\"> SIRET :<\/span> 82492821200011<br>\n          <span style=\"font-weight: 700;\"> Code NAF\/APE :<\/span> Soins de beaut\u00e9 (96.02B) &nbsp; &nbsp; &nbsp;\n        <\/p>\n        <div class=\"u-clearfix u-group-elements u-group-elements-2\">\n          <div class=\"u-border-2 u-border-grey-75 u-container-style u-expanded-width u-group u-shape-rectangle u-group-2\">\n            <div class=\"u-container-layout u-container-layout-2\">\n              <p class=\"u-align-center u-custom-font u-font-roboto u-text u-text-white u-text-4\">\n                <span class=\"u-text-black\"> DIRECTEUR DE LA PUBLICATION<\/span> :\n              <\/p>\n              <p class=\"u-custom-font u-font-roboto u-text u-text-5\">\n                <span style=\"font-weight: 700;\">Karine Tebsi<\/span> : G\u00e9rante&nbsp; &nbsp; &nbsp; &nbsp;\n              <\/p>\n            <\/div>\n          <\/div>\n        <\/div>\n        <div class=\"u-clearfix u-group-elements u-group-elements-3\">\n          <div class=\"u-border-2 u-border-grey-75 u-container-style u-expanded-width u-group u-shape-rectangle u-group-3\">\n            <div class=\"u-container-layout u-valign-middle u-container-layout-3\">\n              <p class=\"u-align-center u-custom-font u-font-roboto u-text u-text-black u-text-6\"> CR\u00c9DITS PHOTOS :<\/p>\n            <\/div>\n          <\/div>\n        <\/div>\n        <p class=\"u-custom-font u-font-roboto u-text u-text-7\">So Chic - Freepik.com&nbsp; &nbsp;&nbsp;<\/p>\n        <div class=\"u-clearfix u-group-elements u-group-elements-4\">\n          <div class=\"u-border-2 u-border-grey-75 u-container-style u-expanded-width u-group u-shape-rectangle u-group-4\">\n            <div class=\"u-container-layout u-valign-middle u-container-layout-4\">\n              <p class=\"u-align-center u-custom-font u-font-roboto u-text u-text-black u-text-8\">r\u00e9alisation web <\/p>\n            <\/div>\n          <\/div>\n        <\/div>\n        <p class=\"u-custom-font u-font-roboto u-text u-text-9\">\n          <span style=\"font-weight: 700;\">AGD<\/span> - Email : <span class=\"u-text-palette-1-light-1\">a.gdesign@hotmail.fr<\/span>&nbsp; &nbsp;&nbsp;\n        <\/p>\n        <div class=\"u-clearfix u-group-elements u-group-elements-5\">\n          <div class=\"u-border-2 u-border-grey-75 u-container-style u-expanded-width u-group u-shape-rectangle u-group-5\">\n            <div class=\"u-container-layout\">\n              <p class=\"u-align-center u-custom-font u-font-roboto u-text u-text-black u-text-10\"> H\u00c9BERGEMENT :<\/p>\n            <\/div>\n          <\/div>\n        <\/div>\n        <p class=\"u-custom-font u-font-roboto u-text u-text-11\">\n          <span style=\"font-weight: 700;\"> OVH :&nbsp;<\/span>2 rue Kellermann - 59100 Roubaix - France&nbsp; &nbsp; &nbsp;&nbsp;\n        <\/p>\n      <\/div>\n    <\/section>\n    \n    \n    \n    \n  \n","protected":false},"excerpt":{"rendered":"<p>Mentions L\u00e9gales Le pr\u00e9sent site, les textes et les images sont la propri\u00e9t\u00e9 des Ambulance Assistance. Toute mention ou utilisation de la marque, des photos ou du logo appartenant \u00e0 l&rsquo;enseigne So chic sur quelque support que ce soit devront \u00eatre soumises \u00e0 l&rsquo;accord pr\u00e9alable et \u00e9crit. RAISONS SOCIALES : Ce site Internet est \u00e9dit\u00e9 &hellip; <a href=\"https:\/\/institut-de-labbaye.fr\/index.php\/mentions-legales\/\" class=\"more-link\">Continue reading<span class=\"screen-reader-text\"> \u00ab\u00a0Mentions l\u00e9gales\u00a0\u00bb<\/span><\/a><\/p>\n","protected":false},"author":1,"featured_media":0,"parent":0,"menu_order":5,"comment_status":"closed","ping_status":"closed","template":"","meta":{"footnotes":""},"class_list":["post-46","page","type-page","status-publish","hentry"],"_links":{"self":[{"href":"https:\/\/institut-de-labbaye.fr\/index.php\/wp-json\/wp\/v2\/pages\/46","targetHints":{"allow":["GET"]}}],"collection":[{"href":"https:\/\/institut-de-labbaye.fr\/index.php\/wp-json\/wp\/v2\/pages"}],"about":[{"href":"https:\/\/institut-de-labbaye.fr\/index.php\/wp-json\/wp\/v2\/types\/page"}],"author":[{"embeddable":true,"href":"https:\/\/institut-de-labbaye.fr\/index.php\/wp-json\/wp\/v2\/users\/1"}],"replies":[{"embeddable":true,"href":"https:\/\/institut-de-labbaye.fr\/index.php\/wp-json\/wp\/v2\/comments?post=46"}],"version-history":[{"count":1,"href":"https:\/\/institut-de-labbaye.fr\/index.php\/wp-json\/wp\/v2\/pages\/46\/revisions"}],"predecessor-version":[{"id":54,"href":"https:\/\/institut-de-labbaye.fr\/index.php\/wp-json\/wp\/v2\/pages\/46\/revisions\/54"}],"wp:attachment":[{"href":"https:\/\/institut-de-labbaye.fr\/index.php\/wp-json\/wp\/v2\/media?parent=46"}],"curies":[{"name":"wp","href":"https:\/\/api.w.org\/{rel}","templated":true}]}}